{"id":441,"date":"2020-02-17T11:59:41","date_gmt":"2020-02-17T10:59:41","guid":{"rendered":"https:\/\/cordis-logistics.pl\/?page_id=441"},"modified":"2023-04-23T23:36:23","modified_gmt":"2023-04-23T21:36:23","slug":"kariera","status":"publish","type":"page","link":"https:\/\/cordis-logistics.pl\/cz\/kariera\/","title":{"rendered":"Kari\u00e9ra"},"content":{"rendered":"<div data-elementor-type=\"wp-page\" data-elementor-id=\"441\" class=\"elementor elementor-441\" data-elementor-settings=\"[]\">\n\t\t\t\t\t\t\t<div class=\"elementor-section-wrap\">\n\t\t\t\t\t              <div data-parallax-id=\"bdt_scene8ed14be\"\n                   id=\"bdt_scene8ed14be\" class=\"parallax-scene\">\n                                        \n                      \n                    <div data-depth=\"0.1\"\n                         class=\"bdt-scene-item\" style=\"background-position-x: 50%; background-position-y: 50%; background-size: cover;\"><\/div>\n                  \n                                <\/div>\n                \n                \t\t<section class=\"has-bdt-parallax elementor-section elementor-top-section elementor-element elementor-element-8ed14be elementor-section-boxed elementor-section-height-default elementor-section-height-default\" data-id=\"8ed14be\" data-element_type=\"section\" data-settings=\"{&quot;background_background&quot;:&quot;classic&quot;}\">\n\t\t\t\t\t\t\t<div class=\"elementor-background-overlay\"><\/div>\n\t\t\t\t\t\t\t<div class=\"elementor-container elementor-column-gap-default\">\n\t\t\t\t\t<div class=\"elementor-column elementor-col-50 elementor-top-column elementor-element elementor-element-70a0ca2\" data-id=\"70a0ca2\" data-element_type=\"column\">\n\t\t\t<div class=\"elementor-widget-wrap elementor-element-populated\">\n\t\t\t\t\t\t\t\t<div class=\"elementor-element elementor-element-41fddfc elementor-widget elementor-widget-heading\" data-id=\"41fddfc\" data-element_type=\"widget\" data-widget_type=\"heading.default\">\n\t\t\t\t<div class=\"elementor-widget-container\">\n\t\t\t<h2 class=\"elementor-heading-title elementor-size-default\">Spolupracujte s n\u00e1mi<\/h2>\t\t<\/div>\n\t\t\t\t<\/div>\n\t\t\t\t<div class=\"elementor-element elementor-element-d805fe3 elementor-widget elementor-widget-heading\" data-id=\"d805fe3\" data-element_type=\"widget\" data-widget_type=\"heading.default\">\n\t\t\t\t<div class=\"elementor-widget-container\">\n\t\t\t<h2 class=\"elementor-heading-title elementor-size-default\">KARI\u00c9RA<\/h2>\t\t<\/div>\n\t\t\t\t<\/div>\n\t\t\t\t\t<\/div>\n\t\t<\/div>\n\t\t\t\t<div class=\"elementor-column elementor-col-50 elementor-top-column elementor-element elementor-element-15c22a6 elementor-hidden-phone\" data-id=\"15c22a6\" data-element_type=\"column\">\n\t\t\t<div class=\"elementor-widget-wrap elementor-element-populated\">\n\t\t\t\t\t\t\t\t<div class=\"elementor-element elementor-element-248c79c e-grid-align-right e-grid-align-right elementor-shape-rounded elementor-grid-0 elementor-widget elementor-widget-social-icons\" data-id=\"248c79c\" data-element_type=\"widget\" data-widget_type=\"social-icons.default\">\n\t\t\t\t<div class=\"elementor-widget-container\">\n\t\t\t\t\t<div class=\"elementor-social-icons-wrapper elementor-grid\">\n\t\t\t\t\t\t\t<div class=\"elementor-grid-item\">\n\t\t\t\t\t<a class=\"elementor-icon elementor-social-icon elementor-social-icon- elementor-repeater-item-ba87cc7\" href=\"https:\/\/www.facebook.com\/Cordis-Logistic-2274227552814591\" target=\"_blank\">\n\t\t\t\t\t\t<span class=\"elementor-screen-only\"><\/span>\n\t\t\t\t\t\t<svg xmlns=\"http:\/\/www.w3.org\/2000\/svg\" width=\"39\" height=\"39\" viewbox=\"0 0 39 39\">\n  <g id=\"Group_2241\" data-name=\"Group 2241\" transform=\"translate(-1126 -44)\">\n    <g id=\"_002-facebook\" data-name=\"002-facebook\" transform=\"translate(1141.52 55.594)\">\n      <g id=\"Group_621\" data-name=\"Group 621\" transform=\"translate(0)\">\n        <path id=\"Path_1306\" data-name=\"Path 1306\" d=\"M132.783,5.262V3.348a.957.957,0,0,1,.957-.957h.957V0h-1.913a2.87,2.87,0,0,0-2.87,2.87V5.262H128V7.654h1.913v7.654h2.87V7.654H134.7l.957-2.392Z\" transform=\"translate(-128)\" fill=\"#fff\"\/>\n      <\/g>\n    <\/g>\n    <g id=\"Ellipse_170\" data-name=\"Ellipse 170\" transform=\"translate(1126 44)\" fill=\"none\" stroke=\"#fff\" stroke-width=\"1.5\">\n      <circle cx=\"19.5\" cy=\"19.5\" r=\"19.5\" stroke=\"none\"\/>\n      <circle cx=\"19.5\" cy=\"19.5\" r=\"18.75\" fill=\"none\"\/>\n    <\/g>\n  <\/g>\n<\/svg>\n\t\t\t\t\t<\/a>\n\t\t\t\t<\/div>\n\t\t\t\t\t<\/div>\n\t\t\t\t<\/div>\n\t\t\t\t<\/div>\n\t\t\t\t<div class=\"elementor-element elementor-element-399c9d9 e-grid-align-right e-grid-align-right elementor-shape-rounded elementor-grid-0 elementor-widget elementor-widget-social-icons\" data-id=\"399c9d9\" data-element_type=\"widget\" data-widget_type=\"social-icons.default\">\n\t\t\t\t<div class=\"elementor-widget-container\">\n\t\t\t\t\t<div class=\"elementor-social-icons-wrapper elementor-grid\">\n\t\t\t\t\t\t\t<div class=\"elementor-grid-item\">\n\t\t\t\t\t<a class=\"elementor-icon elementor-social-icon elementor-social-icon- elementor-repeater-item-edfa772\" href=\"https:\/\/www.linkedin.com\/company\/cordis-logistic\/\" target=\"_blank\">\n\t\t\t\t\t\t<span class=\"elementor-screen-only\"><\/span>\n\t\t\t\t\t\t<svg xmlns=\"http:\/\/www.w3.org\/2000\/svg\" width=\"39\" height=\"39\" viewbox=\"0 0 39 39\">\n  <g id=\"Group_2242\" data-name=\"Group 2242\" transform=\"translate(-1185 -44)\">\n    <g id=\"_001-linkedin\" data-name=\"001-linkedin\" transform=\"translate(1197.061 54.984)\">\n      <g id=\"Group_623\" data-name=\"Group 623\" transform=\"translate(0.112 4.988)\">\n        <g id=\"Group_622\" data-name=\"Group 622\">\n          <rect id=\"Rectangle_3\" data-name=\"Rectangle 3\" width=\"3.423\" height=\"10.524\" fill=\"#fff\"\/>\n        <\/g>\n      <\/g>\n      <g id=\"Group_625\" data-name=\"Group 625\" transform=\"translate(4.896 4.988)\">\n        <g id=\"Group_624\" data-name=\"Group 624\">\n          <path id=\"Path_1307\" data-name=\"Path 1307\" d=\"M167.964,160.123c-.036-.011-.071-.024-.109-.034s-.092-.019-.139-.027A3.07,3.07,0,0,0,167.1,160a4.756,4.756,0,0,0-3.678,2.012V160H160v10.524h3.423v-5.74s2.587-3.6,3.678-.957v6.7h3.422v-7.1A3.413,3.413,0,0,0,167.964,160.123Z\" transform=\"translate(-160 -160)\" fill=\"#fff\"\/>\n        <\/g>\n      <\/g>\n      <g id=\"Group_627\" data-name=\"Group 627\" transform=\"translate(0 0)\">\n        <g id=\"Group_626\" data-name=\"Group 626\" transform=\"translate(0 0)\">\n          <circle id=\"Ellipse_168\" data-name=\"Ellipse 168\" cx=\"2\" cy=\"2\" r=\"2\" transform=\"translate(-0.061 0.016)\" fill=\"#fff\"\/>\n        <\/g>\n      <\/g>\n    <\/g>\n    <g id=\"Ellipse_169\" data-name=\"Ellipse 169\" transform=\"translate(1185 44)\" fill=\"none\" stroke=\"#fff\" stroke-width=\"1.5\">\n      <circle cx=\"19.5\" cy=\"19.5\" r=\"19.5\" stroke=\"none\"\/>\n      <circle cx=\"19.5\" cy=\"19.5\" r=\"18.75\" fill=\"none\"\/>\n    <\/g>\n  <\/g>\n<\/svg>\n\t\t\t\t\t<\/a>\n\t\t\t\t<\/div>\n\t\t\t\t\t<\/div>\n\t\t\t\t<\/div>\n\t\t\t\t<\/div>\n\t\t\t\t\t<\/div>\n\t\t<\/div>\n\t\t\t\t\t\t\t<\/div>\n\t\t<\/section>\n\t\t\t\t<section class=\"elementor-section elementor-top-section elementor-element elementor-element-94d0446 elementor-section-content-middle elementor-section-boxed elementor-section-height-default elementor-section-height-default\" data-id=\"94d0446\" data-element_type=\"section\">\n\t\t\t\t\t\t<div class=\"elementor-container elementor-column-gap-default\">\n\t\t\t\t\t<div class=\"elementor-column elementor-col-50 elementor-top-column elementor-element elementor-element-71e2119\" data-id=\"71e2119\" data-element_type=\"column\">\n\t\t\t<div class=\"elementor-widget-wrap elementor-element-populated\">\n\t\t\t\t\t\t\t\t<div class=\"elementor-element elementor-element-57b5ba2 elementor-widget elementor-widget-heading\" data-id=\"57b5ba2\" data-element_type=\"widget\" data-widget_type=\"heading.default\">\n\t\t\t\t<div class=\"elementor-widget-container\">\n\t\t\t<h2 class=\"elementor-heading-title elementor-size-default\">P\u0159ipojte se k t\u00fdmu<br>CORDIS LOGISTICS<\/h2>\t\t<\/div>\n\t\t\t\t<\/div>\n\t\t\t\t<div class=\"elementor-element elementor-element-83acdfc elementor-widget elementor-widget-heading\" data-id=\"83acdfc\" data-element_type=\"widget\" data-widget_type=\"heading.default\">\n\t\t\t\t<div class=\"elementor-widget-container\">\n\t\t\t<h2 class=\"elementor-heading-title elementor-size-default\">V\u011b\u0159\u00edme, \u017ee zam\u011bstnanci jsou pil\u00ed\u0159em spole\u010dnosti a d\u00edky nim spole\u010dnost usp\u011bje. Proto respektujeme a oce\u0148ujeme jejich znalosti, schopnosti a odhodl\u00e1n\u00ed. P\u0159i spolupr\u00e1ci s n\u00e1mi z\u00edsk\u00e1te p\u0159\u00edle\u017eitost rozv\u00edjet a neust\u00e1le zlep\u0161ovat sv\u00e9 dovednosti. Chceme, abyste se u n\u00e1s c\u00edtili dob\u0159e. Vz\u00e1jemn\u00e1 d\u016fv\u011bra, respekt a laskavost jsou na\u0161e hodnoty. U\u010d\u00edme se jeden od druh\u00e9ho a r\u00e1di sd\u00edl\u00edme spole\u010dn\u00e9 my\u0161lenky. Vytv\u00e1\u0159\u00edme atmosf\u00e9ru, d\u00edky kter\u00e9 r\u00e1di pracujeme sami se sebou. <\/h2>\t\t<\/div>\n\t\t\t\t<\/div>\n\t\t\t\t\t<\/div>\n\t\t<\/div>\n\t\t\t\t<div class=\"elementor-column elementor-col-50 elementor-top-column elementor-element elementor-element-66cabb6\" data-id=\"66cabb6\" data-element_type=\"column\">\n\t\t\t<div class=\"elementor-widget-wrap elementor-element-populated\">\n\t\t\t\t\t\t\t\t<div class=\"elementor-element elementor-element-2364cd8 elementor-widget elementor-widget-image\" data-id=\"2364cd8\" data-element_type=\"widget\" data-widget_type=\"image.default\">\n\t\t\t\t<div class=\"elementor-widget-container\">\n\t\t\t\t\t\t\t\t\t\t\t\t\t\t\t<img width=\"785\" height=\"700\" src=\"https:\/\/cordis-logistics.pl\/wp-content\/uploads\/2020\/02\/kariera-bckg.png\" class=\"attachment-large size-large\" alt=\"\" decoding=\"async\" loading=\"lazy\" srcset=\"https:\/\/cordis-logistics.pl\/wp-content\/uploads\/2020\/02\/kariera-bckg.png 785w,  https:\/\/cordis-logistics.pl\/wp-content\/uploads\/2020\/02\/kariera-bckg-300x268.png 300w,  https:\/\/cordis-logistics.pl\/wp-content\/uploads\/2020\/02\/kariera-bckg-768x685.png 768w\" sizes=\"(max-width: 785px) 100vw, 785px\" \/>\t\t\t\t\t\t\t\t\t\t\t\t\t\t\t<\/div>\n\t\t\t\t<\/div>\n\t\t\t\t\t<\/div>\n\t\t<\/div>\n\t\t\t\t\t\t\t<\/div>\n\t\t<\/section>\n\t\t\t\t<section class=\"elementor-section elementor-top-section elementor-element elementor-element-38b7694 elementor-section-boxed elementor-section-height-default elementor-section-height-default\" data-id=\"38b7694\" data-element_type=\"section\" data-settings=\"{&quot;background_background&quot;:&quot;classic&quot;}\">\n\t\t\t\t\t\t<div class=\"elementor-container elementor-column-gap-default\">\n\t\t\t\t\t<div class=\"elementor-column elementor-col-100 elementor-top-column elementor-element elementor-element-d4726f1\" data-id=\"d4726f1\" data-element_type=\"column\">\n\t\t\t<div class=\"elementor-widget-wrap elementor-element-populated\">\n\t\t\t\t\t\t\t\t<section class=\"elementor-section elementor-inner-section elementor-element elementor-element-4025a35 elementor-section-boxed elementor-section-height-default elementor-section-height-default\" data-id=\"4025a35\" data-element_type=\"section\">\n\t\t\t\t\t\t<div class=\"elementor-container elementor-column-gap-default\">\n\t\t\t\t\t<div class=\"elementor-column elementor-col-50 elementor-inner-column elementor-element elementor-element-cf991b1\" data-id=\"cf991b1\" data-element_type=\"column\">\n\t\t\t<div class=\"elementor-widget-wrap elementor-element-populated\">\n\t\t\t\t\t\t\t\t<div class=\"elementor-element elementor-element-254e0fd elementor-icon-list--layout-traditional elementor-list-item-link-full_width elementor-widget elementor-widget-icon-list\" data-id=\"254e0fd\" data-element_type=\"widget\" data-widget_type=\"icon-list.default\">\n\t\t\t\t<div class=\"elementor-widget-container\">\n\t\t\t\t\t<ul class=\"elementor-icon-list-items\">\n\t\t\t\t\t\t\t<li class=\"elementor-icon-list-item\">\n\t\t\t\t\t<a href=\"tel: 48505698998 \">\t\t\t\t\t\t<span class=\"elementor-icon-list-icon\">\n\t\t\t\t\t\t\t<i aria-hidden=\"true\" class=\"fas fa-phone-alt\"><\/i>\t\t\t\t\t\t<\/span>\n\t\t\t\t\t\t\t\t\t\t<span class=\"elementor-icon-list-text\">+48 505 698 998<\/span>\n\t\t\t\t\t\t\t\t\t\t\t<\/a>\n\t\t\t\t\t\t\t\t\t<\/li>\n\t\t\t\t\t\t<\/ul>\n\t\t\t\t<\/div>\n\t\t\t\t<\/div>\n\t\t\t\t\t<\/div>\n\t\t<\/div>\n\t\t\t\t<div class=\"elementor-column elementor-col-50 elementor-inner-column elementor-element elementor-element-03d202d\" data-id=\"03d202d\" data-element_type=\"column\">\n\t\t\t<div class=\"elementor-widget-wrap elementor-element-populated\">\n\t\t\t\t\t\t\t\t<div class=\"elementor-element elementor-element-893cf96 elementor-icon-list--layout-traditional elementor-list-item-link-full_width elementor-widget elementor-widget-icon-list\" data-id=\"893cf96\" data-element_type=\"widget\" data-widget_type=\"icon-list.default\">\n\t\t\t\t<div class=\"elementor-widget-container\">\n\t\t\t\t\t<ul class=\"elementor-icon-list-items\">\n\t\t\t\t\t\t\t<li class=\"elementor-icon-list-item\">\n\t\t\t\t\t<a href=\"http:\/\/edyta.krason@cordis-logistics.pl\/cz\/\">\t\t\t\t\t\t<span class=\"elementor-icon-list-icon\">\n\t\t\t\t\t\t\t<i aria-hidden=\"true\" class=\"fas fa-envelope\"><\/i>\t\t\t\t\t\t<\/span>\n\t\t\t\t\t\t\t\t\t\t<span class=\"elementor-icon-list-text\">edyta.krason@cordis-logistics.pl<\/span>\n\t\t\t\t\t\t\t\t\t\t\t<\/a>\n\t\t\t\t\t\t\t\t\t<\/li>\n\t\t\t\t\t\t<\/ul>\n\t\t\t\t<\/div>\n\t\t\t\t<\/div>\n\t\t\t\t\t<\/div>\n\t\t<\/div>\n\t\t\t\t\t\t\t<\/div>\n\t\t<\/section>\n\t\t\t\t<div class=\"elementor-element elementor-element-fde6282 elementor-button-align-start elementor-widget elementor-widget-form\" data-id=\"fde6282\" data-element_type=\"widget\" data-settings=\"{&quot;step_next_label&quot;:&quot;Nast\\u0119pny&quot;,&quot;step_previous_label&quot;:&quot;Poprzedni&quot;,&quot;button_width&quot;:&quot;100&quot;,&quot;step_type&quot;:&quot;number_text&quot;,&quot;step_icon_shape&quot;:&quot;circle&quot;}\" data-widget_type=\"form.default\">\n\t\t\t\t<div class=\"elementor-widget-container\">\n\t\t\t\t\t<form class=\"elementor-form\" method=\"post\" name=\"Formularz szukamy przrewoznikow\" action=\"\">\n\t\t\t<input type=\"hidden\" name=\"post_id\" value=\"441\"\/>\n\t\t\t<input type=\"hidden\" name=\"form_id\" value=\"fde6282\"\/>\n\t\t\t<input type=\"hidden\" name=\"referer_title\" value=\"Cordis Logistics\" \/>\n\n\t\t\t\n\t\t\t<div class=\"elementor-form-fields-wrapper elementor-labels-above\">\n\t\t\t\t\t\t\t\t<div class=\"elementor-field-type-text elementor-field-group elementor-column elementor-field-group-name elementor-col-100 elementor-field-required\">\n\t\t\t\t\t<input size=\"1\" type=\"text\" name=\"form_fields[name]\" id=\"form-field-name\" class=\"elementor-field elementor-size-sm  elementor-field-textual\" placeholder=\"Jm\u00e9no a p\u0159\u00edjmen\u00ed\" required=\"required\" aria-required=\"true\">\t\t\t\t<\/div>\n\t\t\t\t\t\t\t\t<div class=\"elementor-field-type-email elementor-field-group elementor-column elementor-field-group-email elementor-col-100 elementor-field-required\">\n\t\t\t\t\t<input size=\"1\" type=\"email\" name=\"form_fields[email]\" id=\"form-field-email\" class=\"elementor-field elementor-size-sm  elementor-field-textual\" placeholder=\"Va\u0161e emailov\u00e1 adresa\" required=\"required\" aria-required=\"true\">\t\t\t\t<\/div>\n\t\t\t\t\t\t\t\t<div class=\"elementor-field-type-textarea elementor-field-group elementor-column elementor-field-group-message elementor-col-100\">\n\t\t\t\t\t<textarea class=\"elementor-field-textual elementor-field  elementor-size-sm\" name=\"form_fields[message]\" id=\"form-field-message\" rows=\"4\" placeholder=\"Zpr\u00e1va\"><\/textarea>\t\t\t\t<\/div>\n\t\t\t\t\t\t\t\t<div class=\"elementor-field-group elementor-column elementor-field-type-submit elementor-col-100 e-form__buttons\">\n\t\t\t\t\t<button type=\"submit\" class=\"elementor-button elementor-size-sm\">\n\t\t\t\t\t\t<span >\n\t\t\t\t\t\t\t\t\t\t\t\t\t\t\t<span class=\"elementor-button-icon\">\n\t\t\t\t\t\t\t\t\t\t\t\t\t\t\t\t\t\t\t\t\t\t\t\t\t\t<\/span>\n\t\t\t\t\t\t\t\t\t\t\t\t\t\t\t\t\t\t\t\t\t\t<span class=\"elementor-button-text\">Poslat<\/span>\n\t\t\t\t\t\t\t\t\t\t\t\t\t<\/span>\n\t\t\t\t\t<\/button>\n\t\t\t\t<\/div>\n\t\t\t<\/div>\n\t\t<input type=\"hidden\" name=\"trp-form-language\" value=\"cz\"\/><\/form>\n\t\t\t\t<\/div>\n\t\t\t\t<\/div>\n\t\t\t\t\t<\/div>\n\t\t<\/div>\n\t\t\t\t\t\t\t<\/div>\n\t\t<\/section>\n\t\t\t\t\t\t<\/div>\n\t\t\t\t\t<\/div>","protected":false},"excerpt":{"rendered":"<p>Wsp\u00f3\u0142pracuj z nami KARIERA Do\u0142\u0105cz do zespo\u0142uCORDIS LOGISTICS Wierzymy, \u017ce to pracownicy s\u0105 filarem firmy i to dzi\u0119ki nim firma odnosi sukces. Dlatego szanujemy i doceniamy ich wiedz\u0119, kompetencje i zaanga\u017cowanie. Pracuj\u0105c z nami otrzymujesz mo\u017cliwo\u015b\u0107 rozwoju i ci\u0105g\u0142ego doskonalenia swoich umiej\u0119tno\u015bci. Zale\u017cy nam aby pracowa\u0142o si\u0119 u nas dobrze. Nasz\u0105 warto\u015bci\u0105 jest wzajemne zaufanie, [&hellip;]<\/p>","protected":false},"author":1,"featured_media":0,"parent":0,"menu_order":0,"comment_status":"closed","ping_status":"closed","template":"elementor_header_footer","meta":[],"yoast_head":"<!-- This site is optimized with the Yoast SEO plugin v20.5 - https:\/\/yoast.com\/wordpress\/plugins\/seo\/ -->\n<title>Kariera - Cordis Logistics<\/title>\n<meta name=\"robots\" content=\"index, follow, max-snippet:-1, max-image-preview:large, max-video-preview:-1\" \/>\n<link rel=\"canonical\" href=\"https:\/\/cordis-logistics.pl\/cz\/kariera\/\" \/>\n<meta property=\"og:locale\" content=\"cs_CZ\" \/>\n<meta property=\"og:type\" content=\"article\" \/>\n<meta property=\"og:title\" content=\"Kariera - Cordis Logistics\" \/>\n<meta property=\"og:description\" content=\"Wsp\u00f3\u0142pracuj z nami KARIERA Do\u0142\u0105cz do zespo\u0142uCORDIS LOGISTICS Wierzymy, \u017ce to pracownicy s\u0105 filarem firmy i to dzi\u0119ki nim firma odnosi sukces. Dlatego szanujemy i doceniamy ich wiedz\u0119, kompetencje i zaanga\u017cowanie. Pracuj\u0105c z nami otrzymujesz mo\u017cliwo\u015b\u0107 rozwoju i ci\u0105g\u0142ego doskonalenia swoich umiej\u0119tno\u015bci. Zale\u017cy nam aby pracowa\u0142o si\u0119 u nas dobrze. Nasz\u0105 warto\u015bci\u0105 jest wzajemne zaufanie, [&hellip;]\" \/>\n<meta property=\"og:url\" content=\"https:\/\/cordis-logistics.pl\/cz\/kariera\/\" \/>\n<meta property=\"og:site_name\" content=\"Cordis Logistics\" \/>\n<meta property=\"article:modified_time\" content=\"2023-04-23T21:36:23+00:00\" \/>\n<meta property=\"og:image\" content=\"https:\/\/cordis-logistics.pl\/wp-content\/uploads\/2020\/02\/kariera-bckg.png\" \/>\n<meta name=\"twitter:card\" content=\"summary_large_image\" \/>\n<meta name=\"twitter:label1\" content=\"Odhadovan\u00e1 doba \u010dten\u00ed\" \/>\n\t<meta name=\"twitter:data1\" content=\"1 minuta\" \/>\n<script type=\"application\/ld+json\" class=\"yoast-schema-graph\">{\"@context\":\"https:\/\/schema.org\",\"@graph\":[{\"@type\":\"WebPage\",\"@id\":\"https:\/\/cordis-logistics.pl\/kariera\/\",\"url\":\"https:\/\/cordis-logistics.pl\/kariera\/\",\"name\":\"Kariera - Cordis Logistics\",\"isPartOf\":{\"@id\":\"https:\/\/cordis-logistics.pl\/#website\"},\"datePublished\":\"2020-02-17T10:59:41+00:00\",\"dateModified\":\"2023-04-23T21:36:23+00:00\",\"breadcrumb\":{\"@id\":\"https:\/\/cordis-logistics.pl\/kariera\/#breadcrumb\"},\"inLanguage\":\"cs\",\"potentialAction\":[{\"@type\":\"ReadAction\",\"target\":[\"https:\/\/cordis-logistics.pl\/kariera\/\"]}]},{\"@type\":\"BreadcrumbList\",\"@id\":\"https:\/\/cordis-logistics.pl\/kariera\/#breadcrumb\",\"itemListElement\":[{\"@type\":\"ListItem\",\"position\":1,\"name\":\"Dom\u016f\",\"item\":\"https:\/\/cordis-logistics.pl\/\"},{\"@type\":\"ListItem\",\"position\":2,\"name\":\"Kariera\"}]},{\"@type\":\"WebSite\",\"@id\":\"https:\/\/cordis-logistics.pl\/#website\",\"url\":\"https:\/\/cordis-logistics.pl\/\",\"name\":\"Cordis Logistics\",\"description\":\"Systemowe rozwi\u0105zania dla \u0142a\u0144cucha dostaw\",\"potentialAction\":[{\"@type\":\"SearchAction\",\"target\":{\"@type\":\"EntryPoint\",\"urlTemplate\":\"https:\/\/cordis-logistics.pl\/?s={search_term_string}\"},\"query-input\":\"required name=search_term_string\"}],\"inLanguage\":\"cs\"}]}<\/script>\n<!-- \/ Yoast SEO plugin. -->","yoast_head_json":{"title":"Kariera - Cordis Logistics","robots":{"index":"index","follow":"follow","max-snippet":"max-snippet:-1","max-image-preview":"max-image-preview:large","max-video-preview":"max-video-preview:-1"},"canonical":"https:\/\/cordis-logistics.pl\/cz\/kariera\/","og_locale":"cs_CZ","og_type":"article","og_title":"Kariera - Cordis Logistics","og_description":"Wsp\u00f3\u0142pracuj z nami KARIERA Do\u0142\u0105cz do zespo\u0142uCORDIS LOGISTICS Wierzymy, \u017ce to pracownicy s\u0105 filarem firmy i to dzi\u0119ki nim firma odnosi sukces. Dlatego szanujemy i doceniamy ich wiedz\u0119, kompetencje i zaanga\u017cowanie. Pracuj\u0105c z nami otrzymujesz mo\u017cliwo\u015b\u0107 rozwoju i ci\u0105g\u0142ego doskonalenia swoich umiej\u0119tno\u015bci. Zale\u017cy nam aby pracowa\u0142o si\u0119 u nas dobrze. Nasz\u0105 warto\u015bci\u0105 jest wzajemne zaufanie, [&hellip;]","og_url":"https:\/\/cordis-logistics.pl\/cz\/kariera\/","og_site_name":"Cordis Logistics","article_modified_time":"2023-04-23T21:36:23+00:00","og_image":[{"url":"https:\/\/cordis-logistics.pl\/wp-content\/uploads\/2020\/02\/kariera-bckg.png"}],"twitter_card":"summary_large_image","twitter_misc":{"Odhadovan\u00e1 doba \u010dten\u00ed":"1 minuta"},"schema":{"@context":"https:\/\/schema.org","@graph":[{"@type":"WebPage","@id":"https:\/\/cordis-logistics.pl\/kariera\/","url":"https:\/\/cordis-logistics.pl\/kariera\/","name":"Kariera - Cordis Logistics","isPartOf":{"@id":"https:\/\/cordis-logistics.pl\/#website"},"datePublished":"2020-02-17T10:59:41+00:00","dateModified":"2023-04-23T21:36:23+00:00","breadcrumb":{"@id":"https:\/\/cordis-logistics.pl\/kariera\/#breadcrumb"},"inLanguage":"cs","potentialAction":[{"@type":"ReadAction","target":["https:\/\/cordis-logistics.pl\/kariera\/"]}]},{"@type":"BreadcrumbList","@id":"https:\/\/cordis-logistics.pl\/kariera\/#breadcrumb","itemListElement":[{"@type":"ListItem","position":1,"name":"Dom\u016f","item":"https:\/\/cordis-logistics.pl\/"},{"@type":"ListItem","position":2,"name":"Kariera"}]},{"@type":"WebSite","@id":"https:\/\/cordis-logistics.pl\/#website","url":"https:\/\/cordis-logistics.pl\/","name":"Cordis Logistics","description":"Systemowe rozwi\u0105zania dla \u0142a\u0144cucha dostaw","potentialAction":[{"@type":"SearchAction","target":{"@type":"EntryPoint","urlTemplate":"https:\/\/cordis-logistics.pl\/?s={search_term_string}"},"query-input":"required name=search_term_string"}],"inLanguage":"cs"}]}},"_links":{"self":[{"href":"https:\/\/cordis-logistics.pl\/cz\/wp-json\/wp\/v2\/pages\/441"}],"collection":[{"href":"https:\/\/cordis-logistics.pl\/cz\/wp-json\/wp\/v2\/pages"}],"about":[{"href":"https:\/\/cordis-logistics.pl\/cz\/wp-json\/wp\/v2\/types\/page"}],"author":[{"embeddable":true,"href":"https:\/\/cordis-logistics.pl\/cz\/wp-json\/wp\/v2\/users\/1"}],"replies":[{"embeddable":true,"href":"https:\/\/cordis-logistics.pl\/cz\/wp-json\/wp\/v2\/comments?post=441"}],"version-history":[{"count":19,"href":"https:\/\/cordis-logistics.pl\/cz\/wp-json\/wp\/v2\/pages\/441\/revisions"}],"predecessor-version":[{"id":1681,"href":"https:\/\/cordis-logistics.pl\/cz\/wp-json\/wp\/v2\/pages\/441\/revisions\/1681"}],"wp:attachment":[{"href":"https:\/\/cordis-logistics.pl\/cz\/wp-json\/wp\/v2\/media?parent=441"}],"curies":[{"name":"wp","href":"https:\/\/api.w.org\/{rel}","templated":true}]}}