{"id":866,"date":"2020-09-22T22:26:19","date_gmt":"2020-09-22T20:26:19","guid":{"rendered":"https:\/\/cordis-logistics.pl\/?page_id=866"},"modified":"2023-04-23T23:43:58","modified_gmt":"2023-04-23T21:43:58","slug":"partnerstwa","status":"publish","type":"page","link":"https:\/\/cordis-logistics.pl\/de\/partnerstwa\/","title":{"rendered":"Partnerschaften"},"content":{"rendered":"<div data-elementor-type=\"wp-page\" data-elementor-id=\"866\" class=\"elementor elementor-866\" data-elementor-settings=\"[]\">\n\t\t\t\t\t\t\t<div class=\"elementor-section-wrap\">\n\t\t\t\t\t              <div data-parallax-id=\"bdt_scene8ed14be\"\n                   id=\"bdt_scene8ed14be\" class=\"parallax-scene\">\n                                        \n                      \n                    <div data-depth=\"0.1\"\n                         class=\"bdt-scene-item\" style=\"background-position-x: 50%; background-position-y: 50%; background-size: cover;\"><\/div>\n                  \n                                <\/div>\n                \n                \t\t<section class=\"has-bdt-parallax elementor-section elementor-top-section elementor-element elementor-element-8ed14be elementor-section-boxed elementor-section-height-default elementor-section-height-default\" data-id=\"8ed14be\" data-element_type=\"section\" data-settings=\"{&quot;background_background&quot;:&quot;classic&quot;}\">\n\t\t\t\t\t\t\t<div class=\"elementor-background-overlay\"><\/div>\n\t\t\t\t\t\t\t<div class=\"elementor-container elementor-column-gap-default\">\n\t\t\t\t\t<div class=\"elementor-column elementor-col-50 elementor-top-column elementor-element elementor-element-70a0ca2\" data-id=\"70a0ca2\" data-element_type=\"column\">\n\t\t\t<div class=\"elementor-widget-wrap elementor-element-populated\">\n\t\t\t\t\t\t\t\t<div class=\"elementor-element elementor-element-41fddfc elementor-widget elementor-widget-heading\" data-id=\"41fddfc\" data-element_type=\"widget\" data-widget_type=\"heading.default\">\n\t\t\t\t<div class=\"elementor-widget-container\">\n\t\t\t<h2 class=\"elementor-heading-title elementor-size-default\">Unsere<\/h2>\t\t<\/div>\n\t\t\t\t<\/div>\n\t\t\t\t<div class=\"elementor-element elementor-element-d805fe3 elementor-widget elementor-widget-heading\" data-id=\"d805fe3\" data-element_type=\"widget\" data-widget_type=\"heading.default\">\n\t\t\t\t<div class=\"elementor-widget-container\">\n\t\t\t<h2 class=\"elementor-heading-title elementor-size-default\">PARTNERSCHAFTEN<\/h2>\t\t<\/div>\n\t\t\t\t<\/div>\n\t\t\t\t\t<\/div>\n\t\t<\/div>\n\t\t\t\t<div class=\"elementor-column elementor-col-50 elementor-top-column elementor-element elementor-element-15c22a6 elementor-hidden-phone\" data-id=\"15c22a6\" data-element_type=\"column\">\n\t\t\t<div class=\"elementor-widget-wrap elementor-element-populated\">\n\t\t\t\t\t\t\t\t<div class=\"elementor-element elementor-element-248c79c e-grid-align-right e-grid-align-right elementor-shape-rounded elementor-grid-0 elementor-widget elementor-widget-social-icons\" data-id=\"248c79c\" data-element_type=\"widget\" data-widget_type=\"social-icons.default\">\n\t\t\t\t<div class=\"elementor-widget-container\">\n\t\t\t\t\t<div class=\"elementor-social-icons-wrapper elementor-grid\">\n\t\t\t\t\t\t\t<div class=\"elementor-grid-item\">\n\t\t\t\t\t<a class=\"elementor-icon elementor-social-icon elementor-social-icon- elementor-repeater-item-ba87cc7\" href=\"https:\/\/www.facebook.com\/Cordis-Logistic-2274227552814591\" target=\"_blank\">\n\t\t\t\t\t\t<span class=\"elementor-screen-only\"><\/span>\n\t\t\t\t\t\t<svg xmlns=\"http:\/\/www.w3.org\/2000\/svg\" width=\"39\" height=\"39\" viewbox=\"0 0 39 39\">\n  <g id=\"Group_2241\" data-name=\"Group 2241\" transform=\"translate(-1126 -44)\">\n    <g id=\"_002-facebook\" data-name=\"002-facebook\" transform=\"translate(1141.52 55.594)\">\n      <g id=\"Group_621\" data-name=\"Group 621\" transform=\"translate(0)\">\n        <path id=\"Path_1306\" data-name=\"Path 1306\" d=\"M132.783,5.262V3.348a.957.957,0,0,1,.957-.957h.957V0h-1.913a2.87,2.87,0,0,0-2.87,2.87V5.262H128V7.654h1.913v7.654h2.87V7.654H134.7l.957-2.392Z\" transform=\"translate(-128)\" fill=\"#fff\"\/>\n      <\/g>\n    <\/g>\n    <g id=\"Ellipse_170\" data-name=\"Ellipse 170\" transform=\"translate(1126 44)\" fill=\"none\" stroke=\"#fff\" stroke-width=\"1.5\">\n      <circle cx=\"19.5\" cy=\"19.5\" r=\"19.5\" stroke=\"none\"\/>\n      <circle cx=\"19.5\" cy=\"19.5\" r=\"18.75\" fill=\"none\"\/>\n    <\/g>\n  <\/g>\n<\/svg>\n\t\t\t\t\t<\/a>\n\t\t\t\t<\/div>\n\t\t\t\t\t<\/div>\n\t\t\t\t<\/div>\n\t\t\t\t<\/div>\n\t\t\t\t<div class=\"elementor-element elementor-element-399c9d9 e-grid-align-right e-grid-align-right elementor-shape-rounded elementor-grid-0 elementor-widget elementor-widget-social-icons\" data-id=\"399c9d9\" data-element_type=\"widget\" data-widget_type=\"social-icons.default\">\n\t\t\t\t<div class=\"elementor-widget-container\">\n\t\t\t\t\t<div class=\"elementor-social-icons-wrapper elementor-grid\">\n\t\t\t\t\t\t\t<div class=\"elementor-grid-item\">\n\t\t\t\t\t<a class=\"elementor-icon elementor-social-icon elementor-social-icon- elementor-repeater-item-edfa772\" href=\"https:\/\/www.linkedin.com\/company\/cordis-logistic\/\" target=\"_blank\">\n\t\t\t\t\t\t<span class=\"elementor-screen-only\"><\/span>\n\t\t\t\t\t\t<svg xmlns=\"http:\/\/www.w3.org\/2000\/svg\" width=\"39\" height=\"39\" viewbox=\"0 0 39 39\">\n  <g id=\"Group_2242\" data-name=\"Group 2242\" transform=\"translate(-1185 -44)\">\n    <g id=\"_001-linkedin\" data-name=\"001-linkedin\" transform=\"translate(1197.061 54.984)\">\n      <g id=\"Group_623\" data-name=\"Group 623\" transform=\"translate(0.112 4.988)\">\n        <g id=\"Group_622\" data-name=\"Group 622\">\n          <rect id=\"Rectangle_3\" data-name=\"Rectangle 3\" width=\"3.423\" height=\"10.524\" fill=\"#fff\"\/>\n        <\/g>\n      <\/g>\n      <g id=\"Group_625\" data-name=\"Group 625\" transform=\"translate(4.896 4.988)\">\n        <g id=\"Group_624\" data-name=\"Group 624\">\n          <path id=\"Path_1307\" data-name=\"Path 1307\" d=\"M167.964,160.123c-.036-.011-.071-.024-.109-.034s-.092-.019-.139-.027A3.07,3.07,0,0,0,167.1,160a4.756,4.756,0,0,0-3.678,2.012V160H160v10.524h3.423v-5.74s2.587-3.6,3.678-.957v6.7h3.422v-7.1A3.413,3.413,0,0,0,167.964,160.123Z\" transform=\"translate(-160 -160)\" fill=\"#fff\"\/>\n        <\/g>\n      <\/g>\n      <g id=\"Group_627\" data-name=\"Group 627\" transform=\"translate(0 0)\">\n        <g id=\"Group_626\" data-name=\"Group 626\" transform=\"translate(0 0)\">\n          <circle id=\"Ellipse_168\" data-name=\"Ellipse 168\" cx=\"2\" cy=\"2\" r=\"2\" transform=\"translate(-0.061 0.016)\" fill=\"#fff\"\/>\n        <\/g>\n      <\/g>\n    <\/g>\n    <g id=\"Ellipse_169\" data-name=\"Ellipse 169\" transform=\"translate(1185 44)\" fill=\"none\" stroke=\"#fff\" stroke-width=\"1.5\">\n      <circle cx=\"19.5\" cy=\"19.5\" r=\"19.5\" stroke=\"none\"\/>\n      <circle cx=\"19.5\" cy=\"19.5\" r=\"18.75\" fill=\"none\"\/>\n    <\/g>\n  <\/g>\n<\/svg>\n\t\t\t\t\t<\/a>\n\t\t\t\t<\/div>\n\t\t\t\t\t<\/div>\n\t\t\t\t<\/div>\n\t\t\t\t<\/div>\n\t\t\t\t\t<\/div>\n\t\t<\/div>\n\t\t\t\t\t\t\t<\/div>\n\t\t<\/section>\n\t\t\t\t<section class=\"elementor-section elementor-top-section elementor-element elementor-element-4c2b646 elementor-section-content-middle elementor-section-boxed elementor-section-height-default elementor-section-height-default\" data-id=\"4c2b646\" data-element_type=\"section\">\n\t\t\t\t\t\t<div class=\"elementor-container elementor-column-gap-default\">\n\t\t\t\t\t<div class=\"elementor-column elementor-col-100 elementor-top-column elementor-element elementor-element-6e16c0e\" data-id=\"6e16c0e\" data-element_type=\"column\">\n\t\t\t<div class=\"elementor-widget-wrap elementor-element-populated\">\n\t\t\t\t\t\t\t\t<div class=\"elementor-element elementor-element-cb49574 elementor-widget elementor-widget-heading\" data-id=\"cb49574\" data-element_type=\"widget\" data-widget_type=\"heading.default\">\n\t\t\t\t<div class=\"elementor-widget-container\">\n\t\t\t<h2 class=\"elementor-heading-title elementor-size-default\">Unsere Partner<\/h2>\t\t<\/div>\n\t\t\t\t<\/div>\n\t\t\t\t<div class=\"elementor-element elementor-element-49a5b77 elementor-skin-carousel elementor-arrows-yes elementor-pagination-type-bullets elementor-pagination-position-outside elementor-widget elementor-widget-media-carousel\" data-id=\"49a5b77\" data-element_type=\"widget\" data-settings=\"{&quot;skin&quot;:&quot;carousel&quot;,&quot;effect&quot;:&quot;slide&quot;,&quot;show_arrows&quot;:&quot;yes&quot;,&quot;pagination&quot;:&quot;bullets&quot;,&quot;speed&quot;:500,&quot;autoplay&quot;:&quot;yes&quot;,&quot;autoplay_speed&quot;:5000,&quot;loop&quot;:&quot;yes&quot;,&quot;pause_on_hover&quot;:&quot;yes&quot;,&quot;pause_on_interaction&quot;:&quot;yes&quot;,&quot;space_between&quot;:{&quot;unit&quot;:&quot;px&quot;,&quot;size&quot;:10,&quot;sizes&quot;:[]},&quot;space_between_tablet&quot;:{&quot;unit&quot;:&quot;px&quot;,&quot;size&quot;:10,&quot;sizes&quot;:[]},&quot;space_between_mobile&quot;:{&quot;unit&quot;:&quot;px&quot;,&quot;size&quot;:10,&quot;sizes&quot;:[]}}\" data-widget_type=\"media-carousel.default\">\n\t\t\t\t<div class=\"elementor-widget-container\">\n\t\t\t\t\t<div class=\"elementor-swiper\">\n\t\t\t<div class=\"elementor-main-swiper swiper-container\">\n\t\t\t\t<div class=\"swiper-wrapper\">\n\t\t\t\t\t\t\t\t\t\t\t<div class=\"swiper-slide\">\n\t\t\t\t\t\t\t<a href=\"http:\/\/koszykowka.slezawroclaw.pl\/\" target=\"_blank\" rel=\"nofollow\">\t\t<div class=\"elementor-carousel-image\" style=\"background-image: url(https:\/\/cordis-logistics.pl\/wp-content\/uploads\/2020\/09\/akademia-koszykowki.jpg)\">\n\t\t\t\t\t<\/div>\n\t\t<\/a>\t\t\t\t\t\t<\/div>\n\t\t\t\t\t\t\t\t\t\t\t<div class=\"swiper-slide\">\n\t\t\t\t\t\t\t<a href=\"http:\/\/koszykowka.slezawroclaw.pl\/\" target=\"_blank\" rel=\"nofollow\">\t\t<div class=\"elementor-carousel-image\" style=\"background-image: url(https:\/\/cordis-logistics.pl\/wp-content\/uploads\/2020\/09\/Sleza-wroclaw.png)\">\n\t\t\t\t\t<\/div>\n\t\t<\/a>\t\t\t\t\t\t<\/div>\n\t\t\t\t\t\t\t\t\t\t\t<div class=\"swiper-slide\">\n\t\t\t\t\t\t\t<a href=\"https:\/\/www.apteka-melissa.pl\/\" target=\"_blank\">\t\t<div class=\"elementor-carousel-image\" style=\"background-image: url(https:\/\/cordis-logistics.pl\/wp-content\/uploads\/2020\/09\/melissa1.png)\">\n\t\t\t\t\t<\/div>\n\t\t<\/a>\t\t\t\t\t\t<\/div>\n\t\t\t\t\t\t\t\t\t\t\t<div class=\"swiper-slide\">\n\t\t\t\t\t\t\t\t\t<div class=\"elementor-carousel-image\" style=\"background-image: url(https:\/\/cordis-logistics.pl\/wp-content\/uploads\/2020\/09\/Jysk-logo.png)\">\n\t\t\t\t\t<\/div>\n\t\t\t\t\t\t\t\t<\/div>\n\t\t\t\t\t\t\t\t\t\t\t<div class=\"swiper-slide\">\n\t\t\t\t\t\t\t\t\t<div class=\"elementor-carousel-image\" style=\"background-image: url(https:\/\/cordis-logistics.pl\/wp-content\/uploads\/2021\/01\/UE-Wroclaw.jpg)\">\n\t\t\t\t\t<\/div>\n\t\t\t\t\t\t\t\t<\/div>\n\t\t\t\t\t\t\t\t\t<\/div>\n\t\t\t\t\t\t\t\t\t\t\t\t\t\t\t<div class=\"swiper-pagination\"><\/div>\n\t\t\t\t\t\t\t\t\t\t\t\t\t\t\t\t<div class=\"elementor-swiper-button elementor-swiper-button-prev\">\n\t\t\t\t\t\t\t<i class=\"eicon-chevron-left\" aria-hidden=\"true\"><\/i>\n\t\t\t\t\t\t\t<span class=\"elementor-screen-only\">Voriger<\/span>\n\t\t\t\t\t\t<\/div>\n\t\t\t\t\t\t<div class=\"elementor-swiper-button elementor-swiper-button-next\">\n\t\t\t\t\t\t\t<i class=\"eicon-chevron-right\" aria-hidden=\"true\"><\/i>\n\t\t\t\t\t\t\t<span class=\"elementor-screen-only\">N\u00e4chster<\/span>\n\t\t\t\t\t\t<\/div>\n\t\t\t\t\t\t\t\t\t\t\t\t<\/div>\n\t\t<\/div>\n\t\t\t\t<\/div>\n\t\t\t\t<\/div>\n\t\t\t\t\t<\/div>\n\t\t<\/div>\n\t\t\t\t\t\t\t<\/div>\n\t\t<\/section>\n\t\t\t\t<section class=\"elementor-section elementor-top-section elementor-element elementor-element-42b79e6 elementor-section-boxed elementor-section-height-default elementor-section-height-default\" data-id=\"42b79e6\" data-element_type=\"section\">\n\t\t\t\t\t\t<div class=\"elementor-container elementor-column-gap-default\">\n\t\t\t\t\t<div class=\"elementor-column elementor-col-100 elementor-top-column elementor-element elementor-element-b6d1fc3\" data-id=\"b6d1fc3\" data-element_type=\"column\">\n\t\t\t<div class=\"elementor-widget-wrap elementor-element-populated\">\n\t\t\t\t\t\t\t\t<div class=\"elementor-element elementor-element-bd219b0 elementor-widget elementor-widget-text-editor\" data-id=\"bd219b0\" data-element_type=\"widget\" data-widget_type=\"text-editor.default\">\n\t\t\t\t<div class=\"elementor-widget-container\">\n\t\t\t\t\t\t\t\t<h3 style=\"text-align: center;\"><span style=\"color: #000000;\">Wir sind auch Mitglied<\/span><\/h3><h2 style=\"text-align: center;\"><span style=\"color: #000000;\"><strong>Polnische Supply Management Leader<\/strong><\/span><\/h2><p style=\"text-align: center;\"><img decoding=\"async\" loading=\"lazy\" class=\"wp-image-1054 aligncenter\" src=\"https:\/\/cordis-logistics.pl\/wp-content\/uploads\/2021\/02\/PSML.jpg\" alt=\"PSML\" width=\"229\" height=\"126\" \/><\/p>\t\t\t\t\t\t<\/div>\n\t\t\t\t<\/div>\n\t\t\t\t\t<\/div>\n\t\t<\/div>\n\t\t\t\t\t\t\t<\/div>\n\t\t<\/section>\n\t\t\t\t\t\t<\/div>\n\t\t\t\t\t<\/div>","protected":false},"excerpt":{"rendered":"<p>Nasze PARTNERSTWA Nasi Partnerzy Poprzedni Nast\u0119pny Jeste\u015bmy te\u017c cz\u0142onkiem Polish Supply Management Leaders<\/p>","protected":false},"author":2,"featured_media":0,"parent":0,"menu_order":0,"comment_status":"closed","ping_status":"closed","template":"","meta":[],"yoast_head":"<!-- This site is optimized with the Yoast SEO plugin v20.5 - https:\/\/yoast.com\/wordpress\/plugins\/seo\/ -->\n<title>Partnerstwa - Cordis Logistics<\/title>\n<meta name=\"robots\" content=\"noindex, nofollow\" \/>\n<meta property=\"og:locale\" content=\"de_DE\" \/>\n<meta property=\"og:type\" content=\"article\" \/>\n<meta property=\"og:title\" content=\"Partnerstwa - Cordis Logistics\" \/>\n<meta property=\"og:description\" content=\"Nasze PARTNERSTWA Nasi Partnerzy Poprzedni Nast\u0119pny Jeste\u015bmy te\u017c cz\u0142onkiem Polish Supply Management Leaders\" \/>\n<meta property=\"og:url\" content=\"https:\/\/cordis-logistics.pl\/de\/partnerstwa\/\" \/>\n<meta property=\"og:site_name\" content=\"Cordis Logistics\" \/>\n<meta property=\"article:modified_time\" content=\"2023-04-23T21:43:58+00:00\" \/>\n<meta property=\"og:image\" content=\"https:\/\/cordis-logistics.pl\/wp-content\/uploads\/2021\/02\/PSML.jpg\" \/>\n<meta name=\"twitter:card\" content=\"summary_large_image\" \/>\n<script type=\"application\/ld+json\" class=\"yoast-schema-graph\">{\"@context\":\"https:\/\/schema.org\",\"@graph\":[{\"@type\":\"WebPage\",\"@id\":\"https:\/\/cordis-logistics.pl\/partnerstwa\/\",\"url\":\"https:\/\/cordis-logistics.pl\/partnerstwa\/\",\"name\":\"Partnerstwa - Cordis Logistics\",\"isPartOf\":{\"@id\":\"https:\/\/cordis-logistics.pl\/#website\"},\"datePublished\":\"2020-09-22T20:26:19+00:00\",\"dateModified\":\"2023-04-23T21:43:58+00:00\",\"breadcrumb\":{\"@id\":\"https:\/\/cordis-logistics.pl\/partnerstwa\/#breadcrumb\"},\"inLanguage\":\"de\",\"potentialAction\":[{\"@type\":\"ReadAction\",\"target\":[\"https:\/\/cordis-logistics.pl\/partnerstwa\/\"]}]},{\"@type\":\"BreadcrumbList\",\"@id\":\"https:\/\/cordis-logistics.pl\/partnerstwa\/#breadcrumb\",\"itemListElement\":[{\"@type\":\"ListItem\",\"position\":1,\"name\":\"Startseite\",\"item\":\"https:\/\/cordis-logistics.pl\/\"},{\"@type\":\"ListItem\",\"position\":2,\"name\":\"Partnerstwa\"}]},{\"@type\":\"WebSite\",\"@id\":\"https:\/\/cordis-logistics.pl\/#website\",\"url\":\"https:\/\/cordis-logistics.pl\/\",\"name\":\"Cordis Logistics\",\"description\":\"Systemowe rozwi\u0105zania dla \u0142a\u0144cucha dostaw\",\"potentialAction\":[{\"@type\":\"SearchAction\",\"target\":{\"@type\":\"EntryPoint\",\"urlTemplate\":\"https:\/\/cordis-logistics.pl\/?s={search_term_string}\"},\"query-input\":\"required name=search_term_string\"}],\"inLanguage\":\"de\"}]}<\/script>\n<!-- \/ Yoast SEO plugin. -->","yoast_head_json":{"title":"Partnerstwa - Cordis Logistics","robots":{"index":"noindex","follow":"nofollow"},"og_locale":"de_DE","og_type":"article","og_title":"Partnerstwa - Cordis Logistics","og_description":"Nasze PARTNERSTWA Nasi Partnerzy Poprzedni Nast\u0119pny Jeste\u015bmy te\u017c cz\u0142onkiem Polish Supply Management Leaders","og_url":"https:\/\/cordis-logistics.pl\/de\/partnerstwa\/","og_site_name":"Cordis Logistics","article_modified_time":"2023-04-23T21:43:58+00:00","og_image":[{"url":"https:\/\/cordis-logistics.pl\/wp-content\/uploads\/2021\/02\/PSML.jpg"}],"twitter_card":"summary_large_image","schema":{"@context":"https:\/\/schema.org","@graph":[{"@type":"WebPage","@id":"https:\/\/cordis-logistics.pl\/partnerstwa\/","url":"https:\/\/cordis-logistics.pl\/partnerstwa\/","name":"Partnerstwa - Cordis Logistics","isPartOf":{"@id":"https:\/\/cordis-logistics.pl\/#website"},"datePublished":"2020-09-22T20:26:19+00:00","dateModified":"2023-04-23T21:43:58+00:00","breadcrumb":{"@id":"https:\/\/cordis-logistics.pl\/partnerstwa\/#breadcrumb"},"inLanguage":"de","potentialAction":[{"@type":"ReadAction","target":["https:\/\/cordis-logistics.pl\/partnerstwa\/"]}]},{"@type":"BreadcrumbList","@id":"https:\/\/cordis-logistics.pl\/partnerstwa\/#breadcrumb","itemListElement":[{"@type":"ListItem","position":1,"name":"Startseite","item":"https:\/\/cordis-logistics.pl\/"},{"@type":"ListItem","position":2,"name":"Partnerstwa"}]},{"@type":"WebSite","@id":"https:\/\/cordis-logistics.pl\/#website","url":"https:\/\/cordis-logistics.pl\/","name":"Cordis Logistics","description":"Systemowe rozwi\u0105zania dla \u0142a\u0144cucha dostaw","potentialAction":[{"@type":"SearchAction","target":{"@type":"EntryPoint","urlTemplate":"https:\/\/cordis-logistics.pl\/?s={search_term_string}"},"query-input":"required name=search_term_string"}],"inLanguage":"de"}]}},"_links":{"self":[{"href":"https:\/\/cordis-logistics.pl\/de\/wp-json\/wp\/v2\/pages\/866"}],"collection":[{"href":"https:\/\/cordis-logistics.pl\/de\/wp-json\/wp\/v2\/pages"}],"about":[{"href":"https:\/\/cordis-logistics.pl\/de\/wp-json\/wp\/v2\/types\/page"}],"author":[{"embeddable":true,"href":"https:\/\/cordis-logistics.pl\/de\/wp-json\/wp\/v2\/users\/2"}],"replies":[{"embeddable":true,"href":"https:\/\/cordis-logistics.pl\/de\/wp-json\/wp\/v2\/comments?post=866"}],"version-history":[{"count":23,"href":"https:\/\/cordis-logistics.pl\/de\/wp-json\/wp\/v2\/pages\/866\/revisions"}],"predecessor-version":[{"id":1744,"href":"https:\/\/cordis-logistics.pl\/de\/wp-json\/wp\/v2\/pages\/866\/revisions\/1744"}],"wp:attachment":[{"href":"https:\/\/cordis-logistics.pl\/de\/wp-json\/wp\/v2\/media?parent=866"}],"curies":[{"name":"wp","href":"https:\/\/api.w.org\/{rel}","templated":true}]}}