{"id":924,"date":"2020-10-12T22:38:01","date_gmt":"2020-10-12T20:38:01","guid":{"rendered":"https:\/\/cordis-logistics.pl\/?page_id=924"},"modified":"2023-04-23T23:37:49","modified_gmt":"2023-04-23T21:37:49","slug":"bezpieczenstwo-pracownikow","status":"publish","type":"page","link":"https:\/\/cordis-logistics.pl\/de\/o-nas\/bezpieczenstwo-pracownikow\/","title":{"rendered":"Bezpiecze\u0144stwo pracownik\u00f3w"},"content":{"rendered":"<div data-elementor-type=\"wp-page\" data-elementor-id=\"924\" class=\"elementor elementor-924\" data-elementor-settings=\"[]\">\n\t\t\t\t\t\t\t<div class=\"elementor-section-wrap\">\n\t\t\t\t\t              <div data-parallax-id=\"bdt_scene8ed14be\"\n                   id=\"bdt_scene8ed14be\" class=\"parallax-scene\">\n                                        \n                      \n                    <div data-depth=\"0.1\"\n                         class=\"bdt-scene-item\" style=\"background-position-x: 50%; background-position-y: 50%; background-size: cover;\"><\/div>\n                  \n                                <\/div>\n                \n                \t\t<section class=\"has-bdt-parallax elementor-section elementor-top-section elementor-element elementor-element-8ed14be elementor-section-boxed elementor-section-height-default elementor-section-height-default\" data-id=\"8ed14be\" data-element_type=\"section\" data-settings=\"{&quot;background_background&quot;:&quot;classic&quot;}\">\n\t\t\t\t\t\t\t<div class=\"elementor-background-overlay\"><\/div>\n\t\t\t\t\t\t\t<div class=\"elementor-container elementor-column-gap-default\">\n\t\t\t\t\t<div class=\"elementor-column elementor-col-50 elementor-top-column elementor-element elementor-element-70a0ca2\" data-id=\"70a0ca2\" data-element_type=\"column\">\n\t\t\t<div class=\"elementor-widget-wrap elementor-element-populated\">\n\t\t\t\t\t\t\t\t<div class=\"elementor-element elementor-element-41fddfc elementor-widget elementor-widget-heading\" data-id=\"41fddfc\" data-element_type=\"widget\" data-widget_type=\"heading.default\">\n\t\t\t\t<div class=\"elementor-widget-container\">\n\t\t\t<h2 class=\"elementor-heading-title elementor-size-default\">Cordis Logistic Standards<\/h2>\t\t<\/div>\n\t\t\t\t<\/div>\n\t\t\t\t<div class=\"elementor-element elementor-element-d805fe3 elementor-widget elementor-widget-heading\" data-id=\"d805fe3\" data-element_type=\"widget\" data-widget_type=\"heading.default\">\n\t\t\t\t<div class=\"elementor-widget-container\">\n\t\t\t<h2 class=\"elementor-heading-title elementor-size-default\">DIE SICHERHEIT UNSERER MITARBEITER<\/h2>\t\t<\/div>\n\t\t\t\t<\/div>\n\t\t\t\t\t<\/div>\n\t\t<\/div>\n\t\t\t\t<div class=\"elementor-column elementor-col-50 elementor-top-column elementor-element elementor-element-15c22a6 elementor-hidden-phone\" data-id=\"15c22a6\" data-element_type=\"column\">\n\t\t\t<div class=\"elementor-widget-wrap elementor-element-populated\">\n\t\t\t\t\t\t\t\t<div class=\"elementor-element elementor-element-248c79c e-grid-align-right e-grid-align-right elementor-shape-rounded elementor-grid-0 elementor-widget elementor-widget-social-icons\" data-id=\"248c79c\" data-element_type=\"widget\" data-widget_type=\"social-icons.default\">\n\t\t\t\t<div class=\"elementor-widget-container\">\n\t\t\t\t\t<div class=\"elementor-social-icons-wrapper elementor-grid\">\n\t\t\t\t\t\t\t<div class=\"elementor-grid-item\">\n\t\t\t\t\t<a class=\"elementor-icon elementor-social-icon elementor-social-icon- elementor-repeater-item-ba87cc7\" href=\"https:\/\/www.facebook.com\/Cordis-Logistic-2274227552814591\" target=\"_blank\">\n\t\t\t\t\t\t<span class=\"elementor-screen-only\"><\/span>\n\t\t\t\t\t\t<svg xmlns=\"http:\/\/www.w3.org\/2000\/svg\" width=\"39\" height=\"39\" viewbox=\"0 0 39 39\">\n  <g id=\"Group_2241\" data-name=\"Group 2241\" transform=\"translate(-1126 -44)\">\n    <g id=\"_002-facebook\" data-name=\"002-facebook\" transform=\"translate(1141.52 55.594)\">\n      <g id=\"Group_621\" data-name=\"Group 621\" transform=\"translate(0)\">\n        <path id=\"Path_1306\" data-name=\"Path 1306\" d=\"M132.783,5.262V3.348a.957.957,0,0,1,.957-.957h.957V0h-1.913a2.87,2.87,0,0,0-2.87,2.87V5.262H128V7.654h1.913v7.654h2.87V7.654H134.7l.957-2.392Z\" transform=\"translate(-128)\" fill=\"#fff\"\/>\n      <\/g>\n    <\/g>\n    <g id=\"Ellipse_170\" data-name=\"Ellipse 170\" transform=\"translate(1126 44)\" fill=\"none\" stroke=\"#fff\" stroke-width=\"1.5\">\n      <circle cx=\"19.5\" cy=\"19.5\" r=\"19.5\" stroke=\"none\"\/>\n      <circle cx=\"19.5\" cy=\"19.5\" r=\"18.75\" fill=\"none\"\/>\n    <\/g>\n  <\/g>\n<\/svg>\n\t\t\t\t\t<\/a>\n\t\t\t\t<\/div>\n\t\t\t\t\t<\/div>\n\t\t\t\t<\/div>\n\t\t\t\t<\/div>\n\t\t\t\t<div class=\"elementor-element elementor-element-399c9d9 e-grid-align-right e-grid-align-right elementor-shape-rounded elementor-grid-0 elementor-widget elementor-widget-social-icons\" data-id=\"399c9d9\" data-element_type=\"widget\" data-widget_type=\"social-icons.default\">\n\t\t\t\t<div class=\"elementor-widget-container\">\n\t\t\t\t\t<div class=\"elementor-social-icons-wrapper elementor-grid\">\n\t\t\t\t\t\t\t<div class=\"elementor-grid-item\">\n\t\t\t\t\t<a class=\"elementor-icon elementor-social-icon elementor-social-icon- elementor-repeater-item-edfa772\" href=\"https:\/\/www.linkedin.com\/company\/cordis-logistic\/\" target=\"_blank\">\n\t\t\t\t\t\t<span class=\"elementor-screen-only\"><\/span>\n\t\t\t\t\t\t<svg xmlns=\"http:\/\/www.w3.org\/2000\/svg\" width=\"39\" height=\"39\" viewbox=\"0 0 39 39\">\n  <g id=\"Group_2242\" data-name=\"Group 2242\" transform=\"translate(-1185 -44)\">\n    <g id=\"_001-linkedin\" data-name=\"001-linkedin\" transform=\"translate(1197.061 54.984)\">\n      <g id=\"Group_623\" data-name=\"Group 623\" transform=\"translate(0.112 4.988)\">\n        <g id=\"Group_622\" data-name=\"Group 622\">\n          <rect id=\"Rectangle_3\" data-name=\"Rectangle 3\" width=\"3.423\" height=\"10.524\" fill=\"#fff\"\/>\n        <\/g>\n      <\/g>\n      <g id=\"Group_625\" data-name=\"Group 625\" transform=\"translate(4.896 4.988)\">\n        <g id=\"Group_624\" data-name=\"Group 624\">\n          <path id=\"Path_1307\" data-name=\"Path 1307\" d=\"M167.964,160.123c-.036-.011-.071-.024-.109-.034s-.092-.019-.139-.027A3.07,3.07,0,0,0,167.1,160a4.756,4.756,0,0,0-3.678,2.012V160H160v10.524h3.423v-5.74s2.587-3.6,3.678-.957v6.7h3.422v-7.1A3.413,3.413,0,0,0,167.964,160.123Z\" transform=\"translate(-160 -160)\" fill=\"#fff\"\/>\n        <\/g>\n      <\/g>\n      <g id=\"Group_627\" data-name=\"Group 627\" transform=\"translate(0 0)\">\n        <g id=\"Group_626\" data-name=\"Group 626\" transform=\"translate(0 0)\">\n          <circle id=\"Ellipse_168\" data-name=\"Ellipse 168\" cx=\"2\" cy=\"2\" r=\"2\" transform=\"translate(-0.061 0.016)\" fill=\"#fff\"\/>\n        <\/g>\n      <\/g>\n    <\/g>\n    <g id=\"Ellipse_169\" data-name=\"Ellipse 169\" transform=\"translate(1185 44)\" fill=\"none\" stroke=\"#fff\" stroke-width=\"1.5\">\n      <circle cx=\"19.5\" cy=\"19.5\" r=\"19.5\" stroke=\"none\"\/>\n      <circle cx=\"19.5\" cy=\"19.5\" r=\"18.75\" fill=\"none\"\/>\n    <\/g>\n  <\/g>\n<\/svg>\n\t\t\t\t\t<\/a>\n\t\t\t\t<\/div>\n\t\t\t\t\t<\/div>\n\t\t\t\t<\/div>\n\t\t\t\t<\/div>\n\t\t\t\t\t<\/div>\n\t\t<\/div>\n\t\t\t\t\t\t\t<\/div>\n\t\t<\/section>\n\t\t\t\t<section class=\"elementor-section elementor-top-section elementor-element elementor-element-4c2b646 elementor-section-content-middle elementor-section-boxed elementor-section-height-default elementor-section-height-default\" data-id=\"4c2b646\" data-element_type=\"section\">\n\t\t\t\t\t\t<div class=\"elementor-container elementor-column-gap-default\">\n\t\t\t\t\t<div class=\"elementor-column elementor-col-100 elementor-top-column elementor-element elementor-element-6e16c0e\" data-id=\"6e16c0e\" data-element_type=\"column\">\n\t\t\t<div class=\"elementor-widget-wrap elementor-element-populated\">\n\t\t\t\t\t\t\t\t<div class=\"elementor-element elementor-element-cb49574 elementor-widget elementor-widget-heading\" data-id=\"cb49574\" data-element_type=\"widget\" data-widget_type=\"heading.default\">\n\t\t\t\t<div class=\"elementor-widget-container\">\n\t\t\t<h2 class=\"elementor-heading-title elementor-size-default\">Arbeitssicherheit w\u00e4hrend Covid 19<\/h2>\t\t<\/div>\n\t\t\t\t<\/div>\n\t\t\t\t<section class=\"elementor-section elementor-inner-section elementor-element elementor-element-dec772e elementor-section-boxed elementor-section-height-default elementor-section-height-default\" data-id=\"dec772e\" data-element_type=\"section\">\n\t\t\t\t\t\t<div class=\"elementor-container elementor-column-gap-default\">\n\t\t\t\t\t<div class=\"elementor-column elementor-col-100 elementor-inner-column elementor-element elementor-element-88f76ea\" data-id=\"88f76ea\" data-element_type=\"column\">\n\t\t\t<div class=\"elementor-widget-wrap elementor-element-populated\">\n\t\t\t\t\t\t\t\t<div class=\"elementor-element elementor-element-48e0344 elementor-widget elementor-widget-text-editor\" data-id=\"48e0344\" data-element_type=\"widget\" data-widget_type=\"text-editor.default\">\n\t\t\t\t<div class=\"elementor-widget-container\">\n\t\t\t\t\t\t\t\t<p style=\"text-align: justify;\">W zwi\u0105zku z panuj\u0105c\u0105 epidemi\u0105 firma Cordis Logistics opracowa\u0142a oraz wdro\u017cy\u0142a list\u0119 rekomendowanych dzia\u0142a\u0144 maj\u0105cych na celu ochron\u0119 pracownik\u00f3w firmy oraz jej klient\u00f3w.<\/p>\n<p style=\"text-align: justify;\"><strong>Wir empfehlen:<\/strong><\/p>\n<ul style=\"text-align: justify;\">\n<li>Soziale Distanz bewahren<\/li>\n<li>Einhaltung der Hygienevorschriften (h\u00e4ufiges H\u00e4ndewaschen \/ Desinfizieren)<\/li>\n<li>Gesch\u00e4ftstreffen einschr\u00e4nken<\/li>\n<li>Gesch\u00e4ftsreisen minimieren<\/li>\n<li>Online-Kommunikation mit verf\u00fcgbaren Technologien<\/li>\n<\/ul>\n<p style=\"text-align: justify;\">\n<\/p><p style=\"text-align: justify;\">Dar\u00fcber hinaus befinden sich am Hauptsitz des Unternehmens mobile Desinfektionsstationen, und in gr\u00f6\u00dferen R\u00e4umen wurden automatische Spender installiert. Jeder Mitarbeiter erhielt eine pers\u00f6nliche Schutzausr\u00fcstung in Form von wiederverwendbaren Masken, Helmen, Fl\u00fcssigkeiten und Gelen zur Desinfektion. Die Arbeitspl\u00e4tze werden t\u00e4glich gereinigt und desinfiziert.<\/p>\n<p style=\"text-align: justify;\">Die epidemiologische Situation wird fortlaufend von speziellen Organisationseinheiten \u00fcberwacht. Sie sind auch daf\u00fcr verantwortlich, die Aktionspl\u00e4ne aufgrund von \u00c4nderungen der gesetzlichen Bestimmungen und der Entstehung neuer technologischer L\u00f6sungen anzupassen.<\/p>\t\t\t\t\t\t<\/div>\n\t\t\t\t<\/div>\n\t\t\t\t\t<\/div>\n\t\t<\/div>\n\t\t\t\t\t\t\t<\/div>\n\t\t<\/section>\n\t\t\t\t\t<\/div>\n\t\t<\/div>\n\t\t\t\t\t\t\t<\/div>\n\t\t<\/section>\n\t\t\t\t<section class=\"elementor-section elementor-top-section elementor-element elementor-element-6b26855 elementor-section-boxed elementor-section-height-default elementor-section-height-default\" data-id=\"6b26855\" data-element_type=\"section\">\n\t\t\t\t\t\t<div class=\"elementor-container elementor-column-gap-default\">\n\t\t\t\t\t<div class=\"elementor-column elementor-col-100 elementor-top-column elementor-element elementor-element-867a994\" data-id=\"867a994\" data-element_type=\"column\">\n\t\t\t<div class=\"elementor-widget-wrap elementor-element-populated\">\n\t\t\t\t\t\t\t\t<div class=\"elementor-element elementor-element-4ebfba8 elementor-widget elementor-widget-text-editor\" data-id=\"4ebfba8\" data-element_type=\"widget\" data-widget_type=\"text-editor.default\">\n\t\t\t\t<div class=\"elementor-widget-container\">\n\t\t\t\t\t\t\t\t<p style=\"text-align: center;\"><span style=\"font-size: 1rem;\">Kontakt: csr@cordis-logistics.pl<\/span><\/p>\t\t\t\t\t\t<\/div>\n\t\t\t\t<\/div>\n\t\t\t\t\t<\/div>\n\t\t<\/div>\n\t\t\t\t\t\t\t<\/div>\n\t\t<\/section>\n\t\t\t\t\t\t<\/div>\n\t\t\t\t\t<\/div>","protected":false},"excerpt":{"rendered":"<p>Standardy Cordis Logistic BEZPIECZE\u0143STWO NASZYCH PRACOWNIK\u00d3W Bezpiecze\u0144stwo i ochrona pracownik\u00f3w w czasie Covid 19 W zwi\u0105zku z panuj\u0105c\u0105 epidemi\u0105 firma Cordis Logistics opracowa\u0142a oraz wdro\u017cy\u0142a list\u0119 rekomendowanych dzia\u0142a\u0144 maj\u0105cych na celu ochron\u0119 pracownik\u00f3w firmy oraz jej klient\u00f3w. Zalecamy: Zachowanie dystansu spo\u0142ecznego Przestrzeganie zasad higieny (cz\u0119ste mycie r\u0105k\/dezynfekcja) Ograniczenie spotka\u0144 biznesowych Zminimalizowanie wyjazd\u00f3w s\u0142u\u017cbowych Komunikacj\u0119 on-line [&hellip;]<\/p>","protected":false},"author":2,"featured_media":0,"parent":351,"menu_order":0,"comment_status":"closed","ping_status":"closed","template":"","meta":[],"yoast_head":"<!-- This site is optimized with the Yoast SEO plugin v20.5 - https:\/\/yoast.com\/wordpress\/plugins\/seo\/ -->\n<title>Bezpiecze\u0144stwo pracownik\u00f3w - Cordis Logistics<\/title>\n<meta name=\"robots\" content=\"noindex, nofollow\" \/>\n<meta property=\"og:locale\" content=\"de_DE\" \/>\n<meta property=\"og:type\" content=\"article\" \/>\n<meta property=\"og:title\" content=\"Bezpiecze\u0144stwo pracownik\u00f3w - Cordis Logistics\" \/>\n<meta property=\"og:description\" content=\"Standardy Cordis Logistic BEZPIECZE\u0143STWO NASZYCH PRACOWNIK\u00d3W Bezpiecze\u0144stwo i ochrona pracownik\u00f3w w czasie Covid 19 W zwi\u0105zku z panuj\u0105c\u0105 epidemi\u0105 firma Cordis Logistics opracowa\u0142a oraz wdro\u017cy\u0142a list\u0119 rekomendowanych dzia\u0142a\u0144 maj\u0105cych na celu ochron\u0119 pracownik\u00f3w firmy oraz jej klient\u00f3w. Zalecamy: Zachowanie dystansu spo\u0142ecznego Przestrzeganie zasad higieny (cz\u0119ste mycie r\u0105k\/dezynfekcja) Ograniczenie spotka\u0144 biznesowych Zminimalizowanie wyjazd\u00f3w s\u0142u\u017cbowych Komunikacj\u0119 on-line [&hellip;]\" \/>\n<meta property=\"og:url\" content=\"https:\/\/cordis-logistics.pl\/de\/o-nas\/bezpieczenstwo-pracownikow\/\" \/>\n<meta property=\"og:site_name\" content=\"Cordis Logistics\" \/>\n<meta property=\"article:modified_time\" content=\"2023-04-23T21:37:49+00:00\" \/>\n<meta name=\"twitter:card\" content=\"summary_large_image\" \/>\n<script type=\"application\/ld+json\" class=\"yoast-schema-graph\">{\"@context\":\"https:\/\/schema.org\",\"@graph\":[{\"@type\":\"WebPage\",\"@id\":\"https:\/\/cordis-logistics.pl\/o-nas\/bezpieczenstwo-pracownikow\/\",\"url\":\"https:\/\/cordis-logistics.pl\/o-nas\/bezpieczenstwo-pracownikow\/\",\"name\":\"Bezpiecze\u0144stwo pracownik\u00f3w - Cordis Logistics\",\"isPartOf\":{\"@id\":\"https:\/\/cordis-logistics.pl\/#website\"},\"datePublished\":\"2020-10-12T20:38:01+00:00\",\"dateModified\":\"2023-04-23T21:37:49+00:00\",\"breadcrumb\":{\"@id\":\"https:\/\/cordis-logistics.pl\/o-nas\/bezpieczenstwo-pracownikow\/#breadcrumb\"},\"inLanguage\":\"de\",\"potentialAction\":[{\"@type\":\"ReadAction\",\"target\":[\"https:\/\/cordis-logistics.pl\/o-nas\/bezpieczenstwo-pracownikow\/\"]}]},{\"@type\":\"BreadcrumbList\",\"@id\":\"https:\/\/cordis-logistics.pl\/o-nas\/bezpieczenstwo-pracownikow\/#breadcrumb\",\"itemListElement\":[{\"@type\":\"ListItem\",\"position\":1,\"name\":\"Startseite\",\"item\":\"https:\/\/cordis-logistics.pl\/\"},{\"@type\":\"ListItem\",\"position\":2,\"name\":\"O nas\",\"item\":\"https:\/\/cordis-logistics.pl\/o-nas\/\"},{\"@type\":\"ListItem\",\"position\":3,\"name\":\"Bezpiecze\u0144stwo pracownik\u00f3w\"}]},{\"@type\":\"WebSite\",\"@id\":\"https:\/\/cordis-logistics.pl\/#website\",\"url\":\"https:\/\/cordis-logistics.pl\/\",\"name\":\"Cordis Logistics\",\"description\":\"Systemowe rozwi\u0105zania dla \u0142a\u0144cucha dostaw\",\"potentialAction\":[{\"@type\":\"SearchAction\",\"target\":{\"@type\":\"EntryPoint\",\"urlTemplate\":\"https:\/\/cordis-logistics.pl\/?s={search_term_string}\"},\"query-input\":\"required name=search_term_string\"}],\"inLanguage\":\"de\"}]}<\/script>\n<!-- \/ Yoast SEO plugin. -->","yoast_head_json":{"title":"Bezpiecze\u0144stwo pracownik\u00f3w - Cordis Logistics","robots":{"index":"noindex","follow":"nofollow"},"og_locale":"de_DE","og_type":"article","og_title":"Bezpiecze\u0144stwo pracownik\u00f3w - Cordis Logistics","og_description":"Standardy Cordis Logistic BEZPIECZE\u0143STWO NASZYCH PRACOWNIK\u00d3W Bezpiecze\u0144stwo i ochrona pracownik\u00f3w w czasie Covid 19 W zwi\u0105zku z panuj\u0105c\u0105 epidemi\u0105 firma Cordis Logistics opracowa\u0142a oraz wdro\u017cy\u0142a list\u0119 rekomendowanych dzia\u0142a\u0144 maj\u0105cych na celu ochron\u0119 pracownik\u00f3w firmy oraz jej klient\u00f3w. Zalecamy: Zachowanie dystansu spo\u0142ecznego Przestrzeganie zasad higieny (cz\u0119ste mycie r\u0105k\/dezynfekcja) Ograniczenie spotka\u0144 biznesowych Zminimalizowanie wyjazd\u00f3w s\u0142u\u017cbowych Komunikacj\u0119 on-line [&hellip;]","og_url":"https:\/\/cordis-logistics.pl\/de\/o-nas\/bezpieczenstwo-pracownikow\/","og_site_name":"Cordis Logistics","article_modified_time":"2023-04-23T21:37:49+00:00","twitter_card":"summary_large_image","schema":{"@context":"https:\/\/schema.org","@graph":[{"@type":"WebPage","@id":"https:\/\/cordis-logistics.pl\/o-nas\/bezpieczenstwo-pracownikow\/","url":"https:\/\/cordis-logistics.pl\/o-nas\/bezpieczenstwo-pracownikow\/","name":"Bezpiecze\u0144stwo pracownik\u00f3w - Cordis Logistics","isPartOf":{"@id":"https:\/\/cordis-logistics.pl\/#website"},"datePublished":"2020-10-12T20:38:01+00:00","dateModified":"2023-04-23T21:37:49+00:00","breadcrumb":{"@id":"https:\/\/cordis-logistics.pl\/o-nas\/bezpieczenstwo-pracownikow\/#breadcrumb"},"inLanguage":"de","potentialAction":[{"@type":"ReadAction","target":["https:\/\/cordis-logistics.pl\/o-nas\/bezpieczenstwo-pracownikow\/"]}]},{"@type":"BreadcrumbList","@id":"https:\/\/cordis-logistics.pl\/o-nas\/bezpieczenstwo-pracownikow\/#breadcrumb","itemListElement":[{"@type":"ListItem","position":1,"name":"Startseite","item":"https:\/\/cordis-logistics.pl\/"},{"@type":"ListItem","position":2,"name":"O nas","item":"https:\/\/cordis-logistics.pl\/o-nas\/"},{"@type":"ListItem","position":3,"name":"Bezpiecze\u0144stwo pracownik\u00f3w"}]},{"@type":"WebSite","@id":"https:\/\/cordis-logistics.pl\/#website","url":"https:\/\/cordis-logistics.pl\/","name":"Cordis Logistics","description":"Systemowe rozwi\u0105zania dla \u0142a\u0144cucha dostaw","potentialAction":[{"@type":"SearchAction","target":{"@type":"EntryPoint","urlTemplate":"https:\/\/cordis-logistics.pl\/?s={search_term_string}"},"query-input":"required name=search_term_string"}],"inLanguage":"de"}]}},"_links":{"self":[{"href":"https:\/\/cordis-logistics.pl\/de\/wp-json\/wp\/v2\/pages\/924"}],"collection":[{"href":"https:\/\/cordis-logistics.pl\/de\/wp-json\/wp\/v2\/pages"}],"about":[{"href":"https:\/\/cordis-logistics.pl\/de\/wp-json\/wp\/v2\/types\/page"}],"author":[{"embeddable":true,"href":"https:\/\/cordis-logistics.pl\/de\/wp-json\/wp\/v2\/users\/2"}],"replies":[{"embeddable":true,"href":"https:\/\/cordis-logistics.pl\/de\/wp-json\/wp\/v2\/comments?post=924"}],"version-history":[{"count":8,"href":"https:\/\/cordis-logistics.pl\/de\/wp-json\/wp\/v2\/pages\/924\/revisions"}],"predecessor-version":[{"id":1699,"href":"https:\/\/cordis-logistics.pl\/de\/wp-json\/wp\/v2\/pages\/924\/revisions\/1699"}],"up":[{"embeddable":true,"href":"https:\/\/cordis-logistics.pl\/de\/wp-json\/wp\/v2\/pages\/351"}],"wp:attachment":[{"href":"https:\/\/cordis-logistics.pl\/de\/wp-json\/wp\/v2\/media?parent=924"}],"curies":[{"name":"wp","href":"https:\/\/api.w.org\/{rel}","templated":true}]}}